{"id":434,"date":"2022-03-03T08:14:16","date_gmt":"2022-03-03T08:14:16","guid":{"rendered":"http:\/\/vicolo.sk\/?page_id=434"},"modified":"2025-01-06T11:04:21","modified_gmt":"2025-01-06T11:04:21","slug":"jedalny-listok","status":"publish","type":"page","link":"https:\/\/vicolo.sk\/en\/jedalny-listok\/","title":{"rendered":"Menu"},"content":{"rendered":"<p>[et_pb_section fb_built=&#8220;1&#8243; _builder_version=&#8220;4.17.3&#8243; _module_preset=&#8220;default&#8220; background_image=&#8220;https:\/\/vicolo.sk\/\/wp-content\/uploads\/2022\/05\/pasta1.jpg&#8220; background_position=&#8220;top_center&#8220; background_vertical_offset=&#8220;46%&#8220; height=&#8220;170px&#8220; height_tablet=&#8220;116px&#8220; height_phone=&#8220;110px&#8220; height_last_edited=&#8220;on|phone&#8220; custom_padding=&#8220;||0px||false|false&#8220; background_last_edited=&#8220;on|phone&#8220; background_size_phone=&#8220;cover&#8220; background_position_phone=&#8220;center_left&#8220; global_colors_info=&#8220;{}&#8220;][et_pb_row _builder_version=&#8220;4.16&#8243; _module_preset=&#8220;default&#8220; custom_margin=&#8220;0px||||false|false&#8220; custom_margin_tablet=&#8220;0px||||false|false&#8220; custom_margin_phone=&#8220;-11px||||false|false&#8220; custom_margin_last_edited=&#8220;on|tablet&#8220; custom_padding=&#8220;0px||0px||false|false&#8220; global_colors_info=&#8220;{}&#8220;][et_pb_column type=&#8220;4_4&#8243; _builder_version=&#8220;4.16&#8243; _module_preset=&#8220;default&#8220; global_colors_info=&#8220;{}&#8220;][et_pb_text _builder_version=&#8220;4.16&#8243; _module_preset=&#8220;default&#8220; header_font=&#8220;Dancing Script||||||||&#8220; header_text_align=&#8220;center&#8220; header_font_size=&#8220;58px&#8220; custom_margin=&#8220;0px||||false|false&#8220; custom_margin_tablet=&#8220;0px||||false|false&#8220; custom_margin_phone=&#8220;0px||||false|false&#8220; custom_margin_last_edited=&#8220;on|phone&#8220; custom_padding=&#8220;0px||0px||false|false&#8220; header_font_size_tablet=&#8220;43px&#8220; header_font_size_phone=&#8220;33px&#8220; header_font_size_last_edited=&#8220;on|phone&#8220; global_colors_info=&#8220;{}&#8220;]<\/p>\n<h1>Menu<\/h1>\n<p>[\/et_pb_text][\/et_pb_column][\/et_pb_row][\/et_pb_section][et_pb_section fb_built=&#8220;1&#8243; _builder_version=&#8220;4.17.0&#8243; _module_preset=&#8220;default&#8220; background_color=&#8220;#fdf8ee&#8220; custom_padding=&#8220;0px||||false|false&#8220; global_colors_info=&#8220;{}&#8220;][et_pb_row _builder_version=&#8220;4.17.0&#8243; _module_preset=&#8220;default&#8220; width=&#8220;100%&#8220; max_width=&#8220;100%&#8220; custom_padding=&#8220;0px||||false|false&#8220; global_colors_info=&#8220;{}&#8220;][et_pb_column type=&#8220;4_4&#8243; _builder_version=&#8220;4.17.0&#8243; _module_preset=&#8220;default&#8220; global_colors_info=&#8220;{}&#8220;][et_pb_blog posts_number=&#8220;1&#8243; show_thumbnail=&#8220;off&#8220; show_content=&#8220;on&#8220; show_author=&#8220;off&#8220; show_date=&#8220;off&#8220; show_categories=&#8220;off&#8220; show_pagination=&#8220;off&#8220; offset_number=&#8220;8&#8243; _builder_version=&#8220;4.17.0&#8243; _module_preset=&#8220;default&#8220; width=&#8220;100%&#8220; width_tablet=&#8220;92%&#8220; width_phone=&#8220;92%&#8220; width_last_edited=&#8220;on|tablet&#8220; max_width=&#8220;100%&#8220; custom_margin=&#8220;||0px||false|false&#8220; custom_padding=&#8220;||0px||false|false&#8220; global_colors_info=&#8220;{}&#8220;][\/et_pb_blog][et_pb_blog posts_number=&#8220;1&#8243; show_thumbnail=&#8220;off&#8220; show_content=&#8220;on&#8220; show_author=&#8220;off&#8220; show_date=&#8220;off&#8220; show_categories=&#8220;off&#8220; show_pagination=&#8220;off&#8220; offset_number=&#8220;9&#8243; _builder_version=&#8220;4.17.0&#8243; _module_preset=&#8220;default&#8220; width=&#8220;100%&#8220; width_tablet=&#8220;92%&#8220; width_phone=&#8220;92%&#8220; width_last_edited=&#8220;on|tablet&#8220; max_width=&#8220;100%&#8220; custom_margin=&#8220;||0px||false|false&#8220; custom_padding=&#8220;||0px||false|false&#8220; global_colors_info=&#8220;{}&#8220;][\/et_pb_blog][et_pb_blog posts_number=&#8220;1&#8243; show_thumbnail=&#8220;off&#8220; show_content=&#8220;on&#8220; show_author=&#8220;off&#8220; show_date=&#8220;off&#8220; show_categories=&#8220;off&#8220; show_pagination=&#8220;off&#8220; offset_number=&#8220;10&#8243; _builder_version=&#8220;4.17.0&#8243; _module_preset=&#8220;default&#8220; width=&#8220;100%&#8220; width_tablet=&#8220;92%&#8220; width_phone=&#8220;92%&#8220; width_last_edited=&#8220;on|desktop&#8220; max_width=&#8220;100%&#8220; custom_margin=&#8220;||0px||false|false&#8220; custom_padding=&#8220;||0px||false|false&#8220; global_colors_info=&#8220;{}&#8220;][\/et_pb_blog][et_pb_blog posts_number=&#8220;1&#8243; show_thumbnail=&#8220;off&#8220; show_content=&#8220;on&#8220; show_author=&#8220;off&#8220; show_date=&#8220;off&#8220; show_categories=&#8220;off&#8220; show_pagination=&#8220;off&#8220; offset_number=&#8220;11&#8243; _builder_version=&#8220;4.17.0&#8243; _module_preset=&#8220;default&#8220; width=&#8220;100%&#8220; width_tablet=&#8220;9%&#8220; width_phone=&#8220;92%&#8220; width_last_edited=&#8220;on|tablet&#8220; max_width=&#8220;100%&#8220; custom_margin=&#8220;||0px||false|false&#8220; custom_padding=&#8220;||0px||false|false&#8220; global_colors_info=&#8220;{}&#8220;][\/et_pb_blog][et_pb_blog posts_number=&#8220;1&#8243; show_thumbnail=&#8220;off&#8220; show_content=&#8220;on&#8220; show_author=&#8220;off&#8220; show_date=&#8220;off&#8220; show_categories=&#8220;off&#8220; show_pagination=&#8220;off&#8220; offset_number=&#8220;12&#8243; _builder_version=&#8220;4.17.0&#8243; _module_preset=&#8220;default&#8220; width=&#8220;100%&#8220; width_tablet=&#8220;92%&#8220; width_phone=&#8220;92%&#8220; width_last_edited=&#8220;on|desktop&#8220; max_width=&#8220;100%&#8220; custom_margin=&#8220;||0px||false|false&#8220; custom_padding=&#8220;||0px||false|false&#8220; global_colors_info=&#8220;{}&#8220;][\/et_pb_blog][et_pb_blog posts_number=&#8220;1&#8243; show_thumbnail=&#8220;off&#8220; show_content=&#8220;on&#8220; show_author=&#8220;off&#8220; show_date=&#8220;off&#8220; show_categories=&#8220;off&#8220; show_pagination=&#8220;off&#8220; offset_number=&#8220;13&#8243; _builder_version=&#8220;4.17.0&#8243; _module_preset=&#8220;default&#8220; width=&#8220;100%&#8220; width_tablet=&#8220;92%&#8220; width_phone=&#8220;92%&#8220; width_last_edited=&#8220;on|tablet&#8220; max_width=&#8220;100%&#8220; custom_margin=&#8220;||0px||false|false&#8220; custom_padding=&#8220;||0px||false|false&#8220; global_colors_info=&#8220;{}&#8220;][\/et_pb_blog][et_pb_blog posts_number=&#8220;1&#8243; show_thumbnail=&#8220;off&#8220; show_content=&#8220;on&#8220; show_author=&#8220;off&#8220; show_date=&#8220;off&#8220; show_categories=&#8220;off&#8220; show_pagination=&#8220;off&#8220; offset_number=&#8220;14&#8243; _builder_version=&#8220;4.17.0&#8243; _module_preset=&#8220;default&#8220; width=&#8220;100%&#8220; width_tablet=&#8220;92%&#8220; width_phone=&#8220;92%&#8220; width_last_edited=&#8220;on|phone&#8220; max_width=&#8220;100%&#8220; custom_margin=&#8220;||0px||false|false&#8220; custom_padding=&#8220;||0px||false|false&#8220; global_colors_info=&#8220;{}&#8220;][\/et_pb_blog][et_pb_blog posts_number=&#8220;1&#8243; show_thumbnail=&#8220;off&#8220; show_content=&#8220;on&#8220; show_author=&#8220;off&#8220; show_date=&#8220;off&#8220; show_categories=&#8220;off&#8220; show_pagination=&#8220;off&#8220; offset_number=&#8220;15&#8243; _builder_version=&#8220;4.17.0&#8243; _module_preset=&#8220;default&#8220; width=&#8220;100%&#8220; width_tablet=&#8220;92%&#8220; width_phone=&#8220;92%&#8220; width_last_edited=&#8220;on|phone&#8220; max_width=&#8220;100%&#8220; custom_margin=&#8220;||0px||false|false&#8220; custom_padding=&#8220;||0px||false|false&#8220; global_colors_info=&#8220;{}&#8220;][\/et_pb_blog][et_pb_blog posts_number=&#8220;1&#8243; show_thumbnail=&#8220;off&#8220; show_content=&#8220;on&#8220; show_author=&#8220;off&#8220; show_date=&#8220;off&#8220; show_categories=&#8220;off&#8220; show_pagination=&#8220;off&#8220; offset_number=&#8220;16&#8243; _builder_version=&#8220;4.17.0&#8243; _module_preset=&#8220;default&#8220; width=&#8220;100%&#8220; width_tablet=&#8220;92%&#8220; width_phone=&#8220;92%&#8220; width_last_edited=&#8220;on|tablet&#8220; max_width=&#8220;100%&#8220; custom_margin=&#8220;||0px||false|false&#8220; custom_padding=&#8220;||0px||false|false&#8220; global_colors_info=&#8220;{}&#8220;][\/et_pb_blog][et_pb_blog posts_number=&#8220;1&#8243; show_thumbnail=&#8220;off&#8220; show_content=&#8220;on&#8220; show_author=&#8220;off&#8220; show_date=&#8220;off&#8220; show_categories=&#8220;off&#8220; show_pagination=&#8220;off&#8220; offset_number=&#8220;17&#8243; _builder_version=&#8220;4.17.0&#8243; _module_preset=&#8220;default&#8220; width=&#8220;100%&#8220; width_tablet=&#8220;92%&#8220; width_phone=&#8220;92%&#8220; width_last_edited=&#8220;on|tablet&#8220; max_width=&#8220;100%&#8220; custom_margin=&#8220;||0px||false|false&#8220; custom_padding=&#8220;||0px||false|false&#8220; global_colors_info=&#8220;{}&#8220;][\/et_pb_blog][et_pb_blog posts_number=&#8220;1&#8243; show_thumbnail=&#8220;off&#8220; show_content=&#8220;on&#8220; show_author=&#8220;off&#8220; show_date=&#8220;off&#8220; show_categories=&#8220;off&#8220; show_pagination=&#8220;off&#8220; offset_number=&#8220;18&#8243; _builder_version=&#8220;4.17.0&#8243; _module_preset=&#8220;default&#8220; width=&#8220;100%&#8220; width_tablet=&#8220;92%&#8220; width_phone=&#8220;92%&#8220; width_last_edited=&#8220;on|tablet&#8220; max_width=&#8220;100%&#8220; custom_margin=&#8220;||0px||false|false&#8220; custom_padding=&#8220;||0px||false|false&#8220; global_colors_info=&#8220;{}&#8220;][\/et_pb_blog][\/et_pb_column][\/et_pb_row][\/et_pb_section]<\/p>","protected":false},"excerpt":{"rendered":"<p>Menu<\/p>","protected":false},"author":1,"featured_media":0,"parent":0,"menu_order":0,"comment_status":"closed","ping_status":"closed","template":"","meta":{"_et_pb_use_builder":"on","_et_pb_old_content":"","_et_gb_content_width":"","inline_featured_image":false,"footnotes":""},"class_list":["post-434","page","type-page","status-publish","hentry"],"yoast_head":"<!-- This site is optimized with the Yoast SEO plugin v21.3 - https:\/\/yoast.com\/wordpress\/plugins\/seo\/ -->\n<title>Jed\u00e1lny l\u00edstok - Vicolo Ristorante<\/title>\n<meta name=\"robots\" content=\"index, follow, max-snippet:-1, max-image-preview:large, max-video-preview:-1\" \/>\n<link rel=\"canonical\" href=\"https:\/\/vicolo.sk\/en\/jedalny-listok\/\" \/>\n<meta property=\"og:locale\" content=\"en_GB\" \/>\n<meta property=\"og:type\" content=\"article\" \/>\n<meta property=\"og:title\" content=\"Jed\u00e1lny l\u00edstok - Vicolo Ristorante\" \/>\n<meta property=\"og:description\" content=\"Jed\u00e1lny l\u00edstok\" \/>\n<meta property=\"og:url\" content=\"https:\/\/vicolo.sk\/en\/jedalny-listok\/\" \/>\n<meta property=\"og:site_name\" content=\"Vicolo Ristorante\" \/>\n<meta property=\"article:publisher\" content=\"https:\/\/www.facebook.com\/VicoloRistoranteKosice\" \/>\n<meta property=\"article:modified_time\" content=\"2025-01-06T11:04:21+00:00\" \/>\n<meta name=\"twitter:card\" content=\"summary_large_image\" \/>\n<meta name=\"twitter:label1\" content=\"Estimated reading time\" \/>\n\t<meta name=\"twitter:data1\" content=\"4 minutes\" \/>\n<script type=\"application\/ld+json\" class=\"yoast-schema-graph\">{\"@context\":\"https:\/\/schema.org\",\"@graph\":[{\"@type\":\"WebPage\",\"@id\":\"https:\/\/vicolo.sk\/jedalny-listok\/\",\"url\":\"https:\/\/vicolo.sk\/jedalny-listok\/\",\"name\":\"Jed\u00e1lny l\u00edstok - Vicolo Ristorante\",\"isPartOf\":{\"@id\":\"https:\/\/vicolo.sk\/#website\"},\"datePublished\":\"2022-03-03T08:14:16+00:00\",\"dateModified\":\"2025-01-06T11:04:21+00:00\",\"breadcrumb\":{\"@id\":\"https:\/\/vicolo.sk\/jedalny-listok\/#breadcrumb\"},\"inLanguage\":\"en-GB\",\"potentialAction\":[{\"@type\":\"ReadAction\",\"target\":[\"https:\/\/vicolo.sk\/jedalny-listok\/\"]}]},{\"@type\":\"BreadcrumbList\",\"@id\":\"https:\/\/vicolo.sk\/jedalny-listok\/#breadcrumb\",\"itemListElement\":[{\"@type\":\"ListItem\",\"position\":1,\"name\":\"Domovsk\u00e1 str\u00e1nka\",\"item\":\"https:\/\/vicolo.sk\/\"},{\"@type\":\"ListItem\",\"position\":2,\"name\":\"Jed\u00e1lny l\u00edstok\"}]},{\"@type\":\"WebSite\",\"@id\":\"https:\/\/vicolo.sk\/#website\",\"url\":\"https:\/\/vicolo.sk\/\",\"name\":\"Vicolo Ristorante\",\"description\":\"Prav\u00e1 Taliansk\u00e1 re\u0161taur\u00e1cia\",\"publisher\":{\"@id\":\"https:\/\/vicolo.sk\/#organization\"},\"potentialAction\":[{\"@type\":\"SearchAction\",\"target\":{\"@type\":\"EntryPoint\",\"urlTemplate\":\"https:\/\/vicolo.sk\/?s={search_term_string}\"},\"query-input\":\"required name=search_term_string\"}],\"inLanguage\":\"en-GB\"},{\"@type\":\"Organization\",\"@id\":\"https:\/\/vicolo.sk\/#organization\",\"name\":\"Vicolo\",\"url\":\"https:\/\/vicolo.sk\/\",\"logo\":{\"@type\":\"ImageObject\",\"inLanguage\":\"en-GB\",\"@id\":\"https:\/\/vicolo.sk\/#\/schema\/logo\/image\/\",\"url\":\"http:\/\/vicolo.sk\/wp-content\/uploads\/2022\/03\/logo-vicolo.svg\",\"contentUrl\":\"http:\/\/vicolo.sk\/wp-content\/uploads\/2022\/03\/logo-vicolo.svg\",\"width\":\"1024\",\"height\":\"1024\",\"caption\":\"Vicolo\"},\"image\":{\"@id\":\"https:\/\/vicolo.sk\/#\/schema\/logo\/image\/\"},\"sameAs\":[\"https:\/\/www.facebook.com\/VicoloRistoranteKosice\",\"https:\/\/www.instagram.com\/vicolo_ristorante\/\",\"https:\/\/www.youtube.com\/watch?v=s5G9GSDGni8\"]}]}<\/script>\n<!-- \/ Yoast SEO plugin. -->","yoast_head_json":{"title":"Jed\u00e1lny l\u00edstok - Vicolo Ristorante","robots":{"index":"index","follow":"follow","max-snippet":"max-snippet:-1","max-image-preview":"max-image-preview:large","max-video-preview":"max-video-preview:-1"},"canonical":"https:\/\/vicolo.sk\/en\/jedalny-listok\/","og_locale":"en_GB","og_type":"article","og_title":"Jed\u00e1lny l\u00edstok - Vicolo Ristorante","og_description":"Jed\u00e1lny l\u00edstok","og_url":"https:\/\/vicolo.sk\/en\/jedalny-listok\/","og_site_name":"Vicolo Ristorante","article_publisher":"https:\/\/www.facebook.com\/VicoloRistoranteKosice","article_modified_time":"2025-01-06T11:04:21+00:00","twitter_card":"summary_large_image","twitter_misc":{"Estimated reading time":"4 minutes"},"schema":{"@context":"https:\/\/schema.org","@graph":[{"@type":"WebPage","@id":"https:\/\/vicolo.sk\/jedalny-listok\/","url":"https:\/\/vicolo.sk\/jedalny-listok\/","name":"Jed\u00e1lny l\u00edstok - Vicolo Ristorante","isPartOf":{"@id":"https:\/\/vicolo.sk\/#website"},"datePublished":"2022-03-03T08:14:16+00:00","dateModified":"2025-01-06T11:04:21+00:00","breadcrumb":{"@id":"https:\/\/vicolo.sk\/jedalny-listok\/#breadcrumb"},"inLanguage":"en-GB","potentialAction":[{"@type":"ReadAction","target":["https:\/\/vicolo.sk\/jedalny-listok\/"]}]},{"@type":"BreadcrumbList","@id":"https:\/\/vicolo.sk\/jedalny-listok\/#breadcrumb","itemListElement":[{"@type":"ListItem","position":1,"name":"Domovsk\u00e1 str\u00e1nka","item":"https:\/\/vicolo.sk\/"},{"@type":"ListItem","position":2,"name":"Jed\u00e1lny l\u00edstok"}]},{"@type":"WebSite","@id":"https:\/\/vicolo.sk\/#website","url":"https:\/\/vicolo.sk\/","name":"Vicolo Ristorante","description":"Prav\u00e1 Taliansk\u00e1 re\u0161taur\u00e1cia","publisher":{"@id":"https:\/\/vicolo.sk\/#organization"},"potentialAction":[{"@type":"SearchAction","target":{"@type":"EntryPoint","urlTemplate":"https:\/\/vicolo.sk\/?s={search_term_string}"},"query-input":"required name=search_term_string"}],"inLanguage":"en-GB"},{"@type":"Organization","@id":"https:\/\/vicolo.sk\/#organization","name":"Vicolo","url":"https:\/\/vicolo.sk\/","logo":{"@type":"ImageObject","inLanguage":"en-GB","@id":"https:\/\/vicolo.sk\/#\/schema\/logo\/image\/","url":"http:\/\/vicolo.sk\/wp-content\/uploads\/2022\/03\/logo-vicolo.svg","contentUrl":"http:\/\/vicolo.sk\/wp-content\/uploads\/2022\/03\/logo-vicolo.svg","width":"1024","height":"1024","caption":"Vicolo"},"image":{"@id":"https:\/\/vicolo.sk\/#\/schema\/logo\/image\/"},"sameAs":["https:\/\/www.facebook.com\/VicoloRistoranteKosice","https:\/\/www.instagram.com\/vicolo_ristorante\/","https:\/\/www.youtube.com\/watch?v=s5G9GSDGni8"]}]}},"_links":{"self":[{"href":"https:\/\/vicolo.sk\/en\/wp-json\/wp\/v2\/pages\/434","targetHints":{"allow":["GET"]}}],"collection":[{"href":"https:\/\/vicolo.sk\/en\/wp-json\/wp\/v2\/pages"}],"about":[{"href":"https:\/\/vicolo.sk\/en\/wp-json\/wp\/v2\/types\/page"}],"author":[{"embeddable":true,"href":"https:\/\/vicolo.sk\/en\/wp-json\/wp\/v2\/users\/1"}],"replies":[{"embeddable":true,"href":"https:\/\/vicolo.sk\/en\/wp-json\/wp\/v2\/comments?post=434"}],"version-history":[{"count":12,"href":"https:\/\/vicolo.sk\/en\/wp-json\/wp\/v2\/pages\/434\/revisions"}],"predecessor-version":[{"id":7783,"href":"https:\/\/vicolo.sk\/en\/wp-json\/wp\/v2\/pages\/434\/revisions\/7783"}],"wp:attachment":[{"href":"https:\/\/vicolo.sk\/en\/wp-json\/wp\/v2\/media?parent=434"}],"curies":[{"name":"wp","href":"https:\/\/api.w.org\/{rel}","templated":true}]}}